{"id":1588,"date":"2024-03-21T02:49:41","date_gmt":"2024-03-21T02:49:41","guid":{"rendered":"http:\/\/demo.bravisthemes.com\/gurus\/?page_id=1588"},"modified":"2024-08-08T14:25:40","modified_gmt":"2024-08-08T17:25:40","slug":"consultoria","status":"publish","type":"page","link":"https:\/\/sitescrux.com.br\/gruposerpa\/consultoria\/","title":{"rendered":"Consultoria"},"content":{"rendered":"\t\t<div data-elementor-type=\"wp-page\" data-elementor-id=\"1588\" class=\"elementor elementor-1588\" data-elementor-post-type=\"page\">\n\t\t\t\t<div class=\"elementor-element elementor-element-8451aaf e-flex e-con-boxed e-con e-parent\" data-id=\"8451aaf\" data-element_type=\"container\">\n\t\t\t\t\t<div class=\"e-con-inner\">\n\t\t<div class=\"elementor-element elementor-element-64ebd3b e-con-full e-flex e-con e-child\" data-id=\"64ebd3b\" data-element_type=\"container\">\n\t\t<div class=\"elementor-element elementor-element-8a0dc7f e-con-full e-flex e-con e-child\" data-id=\"8a0dc7f\" data-element_type=\"container\">\n\t\t\t\t<div class=\"elementor-element elementor-element-7d14042 elementor-widget-laptop__width-auto elementor-widget elementor-widget-pxl_heading\" data-id=\"7d14042\" data-element_type=\"widget\" data-widget_type=\"pxl_heading.default\">\n\t\t\t\t<div class=\"elementor-widget-container\">\n\t\t\t\n<div id=\"pxl-pxl_heading-7d14042-5238\" class=\"pxl-heading pxl-subtitle-box-3\">\n\t<div class=\"pxl-heading--container\">\n\t\t<div class=\"pxl-heading--inner\">\n\t\t\t\t\t\t\t<div class=\"pxl-item--subtitle wow fadeInUp\" data-wow-delay=\"ms\">\n\t\t\t\t\t<span class=\"pxl-item--subtext \">\n\t\t\t\t\t\tServi\u00e7os de Consultoria\t\t\t\t\t<\/span>\n\t\t\t\t<\/div>\n\t\t\t\t\t\t<h2 class=\"pxl-item--title pxl-heading-default  wow fadeInUp\" data-wow-delay=\"\">\n\t\t\t\tSuporte 360\u00ba para o desenvolvimento e expans\u00e3o de             <span class=\"pxl-title--highlight\">\n                neg\u00f3cios internacionais            <\/span>\n        \t\t\t\t\t\n\t\t\t<\/h2>\n\t\t<\/div>\n\t\t\n\t<\/div>\n<\/div>\t\t<\/div>\n\t\t\t\t<\/div>\n\t\t\t\t<\/div>\n\t\t<div class=\"elementor-element elementor-element-0ff3fe0 e-con-full animated-slow e-flex elementor-invisible e-con e-child\" data-id=\"0ff3fe0\" data-element_type=\"container\" data-settings=\"{&quot;animation&quot;:&quot;fadeInUp&quot;,&quot;animation_delay&quot;:100}\">\n\t\t<div class=\"elementor-element elementor-element-1e2f650 e-con-full e-flex e-con e-child\" data-id=\"1e2f650\" data-element_type=\"container\">\n\t\t\t\t<div class=\"elementor-element elementor-element-91e4c28 elementor-widget elementor-widget-pxl_image\" data-id=\"91e4c28\" data-element_type=\"widget\" data-widget_type=\"pxl_image.default\">\n\t\t\t\t<div class=\"elementor-widget-container\">\n\t\t\t<div id=\"pxl_image-91e4c28-9716\" \r\n     class=\"pxl-image-single    \" \r\n     data-wow-delay=\"ms\" \r\n      \r\n          data-parallax-value = \"0\">\r\n    <div class=\"pxl-item--inner\" data-wow-delay=\"120ms\">\r\n                                    <div class=\"pxl-item--image \" >\r\n                                            <img fetchpriority=\"high\" decoding=\"async\" width=\"4856\" height=\"4856\" src=\"https:\/\/sitescrux.com.br\/gruposerpa\/wp-content\/uploads\/2024\/06\/Br-ICON.png\" class=\"no-lazyload attachment-full\" alt=\"\u00cdcone bandeira Brasil\" \/>                                                                                <div class=\"pxl-bg-gradient\"><\/div>\r\n                <\/div>\r\n                                <\/div>\r\n<\/div>\r\n\t\t<\/div>\n\t\t\t\t<\/div>\n\t\t\t\t<div class=\"elementor-element elementor-element-3e44ba5 elementor-widget elementor-widget-spacer\" data-id=\"3e44ba5\" data-element_type=\"widget\" data-widget_type=\"spacer.default\">\n\t\t\t\t<div class=\"elementor-widget-container\">\n\t\t\t\t\t<div class=\"elementor-spacer\">\n\t\t\t<div class=\"elementor-spacer-inner\"><\/div>\n\t\t<\/div>\n\t\t\t\t<\/div>\n\t\t\t\t<\/div>\n\t\t\t\t<div class=\"elementor-element elementor-element-0e0835d elementor-widget elementor-widget-pxl_heading\" data-id=\"0e0835d\" data-element_type=\"widget\" data-widget_type=\"pxl_heading.default\">\n\t\t\t\t<div class=\"elementor-widget-container\">\n\t\t\t\n<div id=\"pxl-pxl_heading-0e0835d-3006\" class=\"pxl-heading  \">\n\t<div class=\"pxl-heading--container\">\n\t\t<div class=\"pxl-heading--inner\">\n\t\t\t\t\t\t<h3 class=\"pxl-item--title pxl-heading-custom  \" data-wow-delay=\"\">\n\t\t\t\tBrasil\t\t\t\t\t\n\t\t\t<\/h3>\n\t\t<\/div>\n\t\t\n\t<\/div>\n<\/div>\t\t<\/div>\n\t\t\t\t<\/div>\n\t\t\t\t<div class=\"elementor-element elementor-element-c5b0b01 elementor-widget elementor-widget-pxl_text_editor\" data-id=\"c5b0b01\" data-element_type=\"widget\" data-widget_type=\"pxl_text_editor.default\">\n\t\t\t\t<div class=\"elementor-widget-container\">\n\t\t\t<div class=\"pxl-text-editor\">\n\t<div class=\"pxl-item--inner pxl-p3  \" data-wow-delay=\"ms\">\n\t\t<p>O Grupo Serpa conta com uma equipe capacitada e experiente para prestar Consultoria Aduaneira e Tribut\u00e1ria em projetos de importa\u00e7\u00e3o e exporta\u00e7\u00e3o, visando otimizar processos, reduzir custos e minimizar riscos nas opera\u00e7\u00f5es de Comex.<\/p>\t\t\n\t<\/div>\n<\/div>\t\t<\/div>\n\t\t\t\t<\/div>\n\t\t\t\t<div class=\"elementor-element elementor-element-517bec6 elementor-widget elementor-widget-spacer\" data-id=\"517bec6\" data-element_type=\"widget\" data-widget_type=\"spacer.default\">\n\t\t\t\t<div class=\"elementor-widget-container\">\n\t\t\t\t\t<div class=\"elementor-spacer\">\n\t\t\t<div class=\"elementor-spacer-inner\"><\/div>\n\t\t<\/div>\n\t\t\t\t<\/div>\n\t\t\t\t<\/div>\n\t\t\t\t<div class=\"elementor-element elementor-element-24cb785 elementor-widget elementor-widget-pxl_button\" data-id=\"24cb785\" data-element_type=\"widget\" data-widget_type=\"pxl_button.default\">\n\t\t\t\t<div class=\"elementor-widget-container\">\n\t\t\t<div id=\"pxl-pxl_button-24cb785-8197\" class=\"pxl-button pxl-atc-link \" data-wow-delay=\"ms\">\r\n    <a href=\"https:\/\/sitescrux.com.br\/gruposerpa\/consultoria\/brasil\/\" \r\n            class=\"btn pxl-icon-active \r\n             btn-medium btn-style-border btn-style--dark \r\n             btn-hover-style1 \">\r\n        <span class=\"pxl--btn-text\" data-text=\"Saiba mais\">\r\n            Saiba mais        <\/span>\r\n        <i aria-hidden=\"true\" class=\"flaticon flaticon-up-right-arrow\"><\/i>    <\/a>\r\n<\/div>\t\t<\/div>\n\t\t\t\t<\/div>\n\t\t\t\t<\/div>\n\t\t<div class=\"elementor-element elementor-element-99e97e3 e-con-full e-flex e-con e-child\" data-id=\"99e97e3\" data-element_type=\"container\">\n\t\t\t\t<div class=\"elementor-element elementor-element-308db2e elementor-widget elementor-widget-pxl_image\" data-id=\"308db2e\" data-element_type=\"widget\" data-widget_type=\"pxl_image.default\">\n\t\t\t\t<div class=\"elementor-widget-container\">\n\t\t\t<div id=\"pxl_image-308db2e-8521\" \r\n     class=\"pxl-image-single    \" \r\n     data-wow-delay=\"ms\" \r\n      \r\n          data-parallax-value = \"0\">\r\n    <div class=\"pxl-item--inner\" data-wow-delay=\"120ms\">\r\n                                    <div class=\"pxl-item--image \" >\r\n                                            <img decoding=\"async\" width=\"4858\" height=\"4858\" src=\"https:\/\/sitescrux.com.br\/gruposerpa\/wp-content\/uploads\/2024\/06\/Eua-ICON.png\" class=\"no-lazyload attachment-full\" alt=\"\u00cdcone bandeira EUA\" \/>                                                                                <div class=\"pxl-bg-gradient\"><\/div>\r\n                <\/div>\r\n                                <\/div>\r\n<\/div>\r\n\t\t<\/div>\n\t\t\t\t<\/div>\n\t\t\t\t<div class=\"elementor-element elementor-element-87b3b44 elementor-widget elementor-widget-spacer\" data-id=\"87b3b44\" data-element_type=\"widget\" data-widget_type=\"spacer.default\">\n\t\t\t\t<div class=\"elementor-widget-container\">\n\t\t\t\t\t<div class=\"elementor-spacer\">\n\t\t\t<div class=\"elementor-spacer-inner\"><\/div>\n\t\t<\/div>\n\t\t\t\t<\/div>\n\t\t\t\t<\/div>\n\t\t\t\t<div class=\"elementor-element elementor-element-1b9766d elementor-widget elementor-widget-pxl_heading\" data-id=\"1b9766d\" data-element_type=\"widget\" data-widget_type=\"pxl_heading.default\">\n\t\t\t\t<div class=\"elementor-widget-container\">\n\t\t\t\n<div id=\"pxl-pxl_heading-1b9766d-6684\" class=\"pxl-heading  \">\n\t<div class=\"pxl-heading--container\">\n\t\t<div class=\"pxl-heading--inner\">\n\t\t\t\t\t\t<h3 class=\"pxl-item--title pxl-heading-custom  \" data-wow-delay=\"\">\n\t\t\t\tEstados Unidos\t\t\t\t\t\n\t\t\t<\/h3>\n\t\t<\/div>\n\t\t\n\t<\/div>\n<\/div>\t\t<\/div>\n\t\t\t\t<\/div>\n\t\t\t\t<div class=\"elementor-element elementor-element-bca68c7 elementor-widget elementor-widget-pxl_text_editor\" data-id=\"bca68c7\" data-element_type=\"widget\" data-widget_type=\"pxl_text_editor.default\">\n\t\t\t\t<div class=\"elementor-widget-container\">\n\t\t\t<div class=\"pxl-text-editor\">\n\t<div class=\"pxl-item--inner pxl-p3  \" data-wow-delay=\"ms\">\n\t\t<p>Por meio da Serpa Consulting USA e Serpa USA, empresas do Grupo Serpa, prestamos Consultoria Aduaneira em neg\u00f3cios com os Estados Unidos e projetos de importa\u00e7\u00e3o e exporta\u00e7\u00e3o para o pa\u00eds, al\u00e9m de prover servi\u00e7os e solu\u00e7\u00f5es em log\u00edstica internacional.<\/p>\t\t\n\t<\/div>\n<\/div>\t\t<\/div>\n\t\t\t\t<\/div>\n\t\t\t\t<div class=\"elementor-element elementor-element-9f4a4f6 elementor-widget elementor-widget-spacer\" data-id=\"9f4a4f6\" data-element_type=\"widget\" data-widget_type=\"spacer.default\">\n\t\t\t\t<div class=\"elementor-widget-container\">\n\t\t\t\t\t<div class=\"elementor-spacer\">\n\t\t\t<div class=\"elementor-spacer-inner\"><\/div>\n\t\t<\/div>\n\t\t\t\t<\/div>\n\t\t\t\t<\/div>\n\t\t\t\t<div class=\"elementor-element elementor-element-b669742 elementor-widget elementor-widget-pxl_button\" data-id=\"b669742\" data-element_type=\"widget\" data-widget_type=\"pxl_button.default\">\n\t\t\t\t<div class=\"elementor-widget-container\">\n\t\t\t<div id=\"pxl-pxl_button-b669742-9848\" class=\"pxl-button pxl-atc-link \" data-wow-delay=\"ms\">\r\n    <a href=\"https:\/\/sitescrux.com.br\/gruposerpa\/consultoria\/eua\/\" \r\n            class=\"btn pxl-icon-active \r\n             btn-medium btn-style-border btn-style--dark \r\n             btn-hover-style1 \">\r\n        <span class=\"pxl--btn-text\" data-text=\"Saiba mais\">\r\n            Saiba mais        <\/span>\r\n        <i aria-hidden=\"true\" class=\"flaticon flaticon-up-right-arrow\"><\/i>    <\/a>\r\n<\/div>\t\t<\/div>\n\t\t\t\t<\/div>\n\t\t\t\t<\/div>\n\t\t<div class=\"elementor-element elementor-element-dddd1b0 e-con-full e-flex e-con e-child\" data-id=\"dddd1b0\" data-element_type=\"container\">\n\t\t\t\t<div class=\"elementor-element elementor-element-01b9ad8 elementor-widget elementor-widget-pxl_image\" data-id=\"01b9ad8\" data-element_type=\"widget\" data-widget_type=\"pxl_image.default\">\n\t\t\t\t<div class=\"elementor-widget-container\">\n\t\t\t<div id=\"pxl_image-01b9ad8-4842\" \r\n     class=\"pxl-image-single    \" \r\n     data-wow-delay=\"ms\" \r\n      \r\n          data-parallax-value = \"0\">\r\n    <div class=\"pxl-item--inner\" data-wow-delay=\"120ms\">\r\n                                    <div class=\"pxl-item--image \" >\r\n                                            <img decoding=\"async\" width=\"4856\" height=\"4856\" src=\"https:\/\/sitescrux.com.br\/gruposerpa\/wp-content\/uploads\/2024\/06\/China-ICON.png\" class=\"no-lazyload attachment-full\" alt=\"\u00cdcone bandeira China\" \/>                                                                                <div class=\"pxl-bg-gradient\"><\/div>\r\n                <\/div>\r\n                                <\/div>\r\n<\/div>\r\n\t\t<\/div>\n\t\t\t\t<\/div>\n\t\t\t\t<div class=\"elementor-element elementor-element-5a10fb7 elementor-widget elementor-widget-spacer\" data-id=\"5a10fb7\" data-element_type=\"widget\" data-widget_type=\"spacer.default\">\n\t\t\t\t<div class=\"elementor-widget-container\">\n\t\t\t\t\t<div class=\"elementor-spacer\">\n\t\t\t<div class=\"elementor-spacer-inner\"><\/div>\n\t\t<\/div>\n\t\t\t\t<\/div>\n\t\t\t\t<\/div>\n\t\t\t\t<div class=\"elementor-element elementor-element-155450f elementor-widget elementor-widget-pxl_heading\" data-id=\"155450f\" data-element_type=\"widget\" data-widget_type=\"pxl_heading.default\">\n\t\t\t\t<div class=\"elementor-widget-container\">\n\t\t\t\n<div id=\"pxl-pxl_heading-155450f-4142\" class=\"pxl-heading  \">\n\t<div class=\"pxl-heading--container\">\n\t\t<div class=\"pxl-heading--inner\">\n\t\t\t\t\t\t<h3 class=\"pxl-item--title pxl-heading-custom  \" data-wow-delay=\"\">\n\t\t\t\tChina\t\t\t\t\t\n\t\t\t<\/h3>\n\t\t<\/div>\n\t\t\n\t<\/div>\n<\/div>\t\t<\/div>\n\t\t\t\t<\/div>\n\t\t\t\t<div class=\"elementor-element elementor-element-e6c5a85 elementor-widget elementor-widget-pxl_text_editor\" data-id=\"e6c5a85\" data-element_type=\"widget\" data-widget_type=\"pxl_text_editor.default\">\n\t\t\t\t<div class=\"elementor-widget-container\">\n\t\t\t<div class=\"pxl-text-editor\">\n\t<div class=\"pxl-item--inner pxl-p3  \" data-wow-delay=\"ms\">\n\t\t<p>Por meio da Serpa China e Serpa Logistics Asia, empresas do Grupo Serpa, apoiamos sua empresa no desenvolvimento de neg\u00f3cios com empresas chinesas, para comprar (importar), vender (exportar) ou fazer parcerias.<\/p>\t\t\n\t<\/div>\n<\/div>\t\t<\/div>\n\t\t\t\t<\/div>\n\t\t\t\t<div class=\"elementor-element elementor-element-d73c4b6 elementor-widget elementor-widget-spacer\" data-id=\"d73c4b6\" data-element_type=\"widget\" data-widget_type=\"spacer.default\">\n\t\t\t\t<div class=\"elementor-widget-container\">\n\t\t\t\t\t<div class=\"elementor-spacer\">\n\t\t\t<div class=\"elementor-spacer-inner\"><\/div>\n\t\t<\/div>\n\t\t\t\t<\/div>\n\t\t\t\t<\/div>\n\t\t\t\t<div class=\"elementor-element elementor-element-7604390 elementor-widget elementor-widget-pxl_button\" data-id=\"7604390\" data-element_type=\"widget\" data-widget_type=\"pxl_button.default\">\n\t\t\t\t<div class=\"elementor-widget-container\">\n\t\t\t<div id=\"pxl-pxl_button-7604390-4110\" class=\"pxl-button pxl-atc-link \" data-wow-delay=\"ms\">\r\n    <a href=\"https:\/\/sitescrux.com.br\/gruposerpa\/consultoria\/china\/\" \r\n            class=\"btn pxl-icon-active \r\n             btn-medium btn-style-border btn-style--dark \r\n             btn-hover-style1 \">\r\n        <span class=\"pxl--btn-text\" data-text=\"Saiba mais\">\r\n            Saiba mais        <\/span>\r\n        <i aria-hidden=\"true\" class=\"flaticon flaticon-up-right-arrow\"><\/i>    <\/a>\r\n<\/div>\t\t<\/div>\n\t\t\t\t<\/div>\n\t\t\t\t<\/div>\n\t\t\t\t<\/div>\n\t\t\t\t<\/div>\n\t\t\t\t\t<\/div>\n\t\t\t\t<\/div>\n\t\t\t\t<\/div>\n\t\t","protected":false},"excerpt":{"rendered":"<p>Servi\u00e7os de Consultoria Suporte 360\u00ba para o desenvolvimento e expans\u00e3o de neg\u00f3cios internacionais Brasil O Grupo Serpa conta com uma equipe capacitada e experiente para prestar Consultoria Aduaneira e Tribut\u00e1ria em projetos de importa\u00e7\u00e3o e exporta\u00e7\u00e3o, visando otimizar processos, reduzir custos e minimizar riscos nas opera\u00e7\u00f5es de Comex. Saiba mais Estados Unidos Por meio da [&hellip;]<\/p>\n","protected":false},"author":2,"featured_media":0,"parent":0,"menu_order":0,"comment_status":"closed","ping_status":"closed","template":"","meta":{"footnotes":""},"class_list":["post-1588","page","type-page","status-publish","hentry"],"yoast_head":"<!-- This site is optimized with the Yoast SEO plugin v25.6 - https:\/\/yoast.com\/wordpress\/plugins\/seo\/ -->\n<title>Consultoria - Grupo Serpa<\/title>\n<meta name=\"robots\" content=\"noindex, follow, max-snippet:-1, max-image-preview:large, max-video-preview:-1\" \/>\n<meta property=\"og:locale\" content=\"pt_BR\" \/>\n<meta property=\"og:type\" content=\"article\" \/>\n<meta property=\"og:title\" content=\"Consultoria - Grupo Serpa\" \/>\n<meta property=\"og:description\" content=\"Servi\u00e7os de Consultoria Suporte 360\u00ba para o desenvolvimento e expans\u00e3o de neg\u00f3cios internacionais Brasil O Grupo Serpa conta com uma equipe capacitada e experiente para prestar Consultoria Aduaneira e Tribut\u00e1ria em projetos de importa\u00e7\u00e3o e exporta\u00e7\u00e3o, visando otimizar processos, reduzir custos e minimizar riscos nas opera\u00e7\u00f5es de Comex. Saiba mais Estados Unidos Por meio da [&hellip;]\" \/>\n<meta property=\"og:url\" content=\"https:\/\/sitescrux.com.br\/gruposerpa\/consultoria\/\" \/>\n<meta property=\"og:site_name\" content=\"Grupo Serpa\" \/>\n<meta property=\"article:publisher\" content=\"https:\/\/www.facebook.com\/serpagroup\" \/>\n<meta property=\"article:modified_time\" content=\"2024-08-08T17:25:40+00:00\" \/>\n<meta property=\"og:image\" content=\"https:\/\/sitescrux.com.br\/gruposerpa\/wp-content\/uploads\/2024\/06\/Br-ICON.png\" \/>\n<meta name=\"twitter:card\" content=\"summary_large_image\" \/>\n<meta name=\"twitter:label1\" content=\"Est. tempo de leitura\" \/>\n\t<meta name=\"twitter:data1\" content=\"2 minutos\" \/>\n<script type=\"application\/ld+json\" class=\"yoast-schema-graph\">{\"@context\":\"https:\/\/schema.org\",\"@graph\":[{\"@type\":\"WebPage\",\"@id\":\"https:\/\/sitescrux.com.br\/gruposerpa\/consultoria\/\",\"url\":\"https:\/\/sitescrux.com.br\/gruposerpa\/consultoria\/\",\"name\":\"Consultoria - Grupo Serpa\",\"isPartOf\":{\"@id\":\"https:\/\/sitescrux.com.br\/gruposerpa\/#website\"},\"primaryImageOfPage\":{\"@id\":\"https:\/\/sitescrux.com.br\/gruposerpa\/consultoria\/#primaryimage\"},\"image\":{\"@id\":\"https:\/\/sitescrux.com.br\/gruposerpa\/consultoria\/#primaryimage\"},\"thumbnailUrl\":\"https:\/\/sitescrux.com.br\/gruposerpa\/wp-content\/uploads\/2024\/06\/Br-ICON.png\",\"datePublished\":\"2024-03-21T02:49:41+00:00\",\"dateModified\":\"2024-08-08T17:25:40+00:00\",\"inLanguage\":\"pt-BR\",\"potentialAction\":[{\"@type\":\"ReadAction\",\"target\":[\"https:\/\/sitescrux.com.br\/gruposerpa\/consultoria\/\"]}]},{\"@type\":\"ImageObject\",\"inLanguage\":\"pt-BR\",\"@id\":\"https:\/\/sitescrux.com.br\/gruposerpa\/consultoria\/#primaryimage\",\"url\":\"https:\/\/sitescrux.com.br\/gruposerpa\/wp-content\/uploads\/2024\/06\/Br-ICON.png\",\"contentUrl\":\"https:\/\/sitescrux.com.br\/gruposerpa\/wp-content\/uploads\/2024\/06\/Br-ICON.png\",\"width\":4856,\"height\":4856,\"caption\":\"\u00cdcone bandeira Brasil\"},{\"@type\":\"WebSite\",\"@id\":\"https:\/\/sitescrux.com.br\/gruposerpa\/#website\",\"url\":\"https:\/\/sitescrux.com.br\/gruposerpa\/\",\"name\":\"Grupo Serpa\",\"description\":\"Consultoria Estrat\u00e9gica &amp; Log\u00edstica Integrada\",\"publisher\":{\"@id\":\"https:\/\/sitescrux.com.br\/gruposerpa\/#organization\"},\"potentialAction\":[{\"@type\":\"SearchAction\",\"target\":{\"@type\":\"EntryPoint\",\"urlTemplate\":\"https:\/\/sitescrux.com.br\/gruposerpa\/?s={search_term_string}\"},\"query-input\":{\"@type\":\"PropertyValueSpecification\",\"valueRequired\":true,\"valueName\":\"search_term_string\"}}],\"inLanguage\":\"pt-BR\"},{\"@type\":\"Organization\",\"@id\":\"https:\/\/sitescrux.com.br\/gruposerpa\/#organization\",\"name\":\"Grupo Serpa\",\"url\":\"https:\/\/sitescrux.com.br\/gruposerpa\/\",\"logo\":{\"@type\":\"ImageObject\",\"inLanguage\":\"pt-BR\",\"@id\":\"https:\/\/sitescrux.com.br\/gruposerpa\/#\/schema\/logo\/image\/\",\"url\":\"https:\/\/sitescrux.com.br\/gruposerpa\/wp-content\/uploads\/2024\/06\/logo-grupo-serpa-png.png\",\"contentUrl\":\"https:\/\/sitescrux.com.br\/gruposerpa\/wp-content\/uploads\/2024\/06\/logo-grupo-serpa-png.png\",\"width\":443,\"height\":203,\"caption\":\"Grupo Serpa\"},\"image\":{\"@id\":\"https:\/\/sitescrux.com.br\/gruposerpa\/#\/schema\/logo\/image\/\"},\"sameAs\":[\"https:\/\/www.facebook.com\/serpagroup\"]}]}<\/script>\n<!-- \/ Yoast SEO plugin. -->","yoast_head_json":{"title":"Consultoria - Grupo Serpa","robots":{"index":"noindex","follow":"follow","max-snippet":"max-snippet:-1","max-image-preview":"max-image-preview:large","max-video-preview":"max-video-preview:-1"},"og_locale":"pt_BR","og_type":"article","og_title":"Consultoria - Grupo Serpa","og_description":"Servi\u00e7os de Consultoria Suporte 360\u00ba para o desenvolvimento e expans\u00e3o de neg\u00f3cios internacionais Brasil O Grupo Serpa conta com uma equipe capacitada e experiente para prestar Consultoria Aduaneira e Tribut\u00e1ria em projetos de importa\u00e7\u00e3o e exporta\u00e7\u00e3o, visando otimizar processos, reduzir custos e minimizar riscos nas opera\u00e7\u00f5es de Comex. Saiba mais Estados Unidos Por meio da [&hellip;]","og_url":"https:\/\/sitescrux.com.br\/gruposerpa\/consultoria\/","og_site_name":"Grupo Serpa","article_publisher":"https:\/\/www.facebook.com\/serpagroup","article_modified_time":"2024-08-08T17:25:40+00:00","og_image":[{"url":"https:\/\/sitescrux.com.br\/gruposerpa\/wp-content\/uploads\/2024\/06\/Br-ICON.png","type":"","width":"","height":""}],"twitter_card":"summary_large_image","twitter_misc":{"Est. tempo de leitura":"2 minutos"},"schema":{"@context":"https:\/\/schema.org","@graph":[{"@type":"WebPage","@id":"https:\/\/sitescrux.com.br\/gruposerpa\/consultoria\/","url":"https:\/\/sitescrux.com.br\/gruposerpa\/consultoria\/","name":"Consultoria - Grupo Serpa","isPartOf":{"@id":"https:\/\/sitescrux.com.br\/gruposerpa\/#website"},"primaryImageOfPage":{"@id":"https:\/\/sitescrux.com.br\/gruposerpa\/consultoria\/#primaryimage"},"image":{"@id":"https:\/\/sitescrux.com.br\/gruposerpa\/consultoria\/#primaryimage"},"thumbnailUrl":"https:\/\/sitescrux.com.br\/gruposerpa\/wp-content\/uploads\/2024\/06\/Br-ICON.png","datePublished":"2024-03-21T02:49:41+00:00","dateModified":"2024-08-08T17:25:40+00:00","inLanguage":"pt-BR","potentialAction":[{"@type":"ReadAction","target":["https:\/\/sitescrux.com.br\/gruposerpa\/consultoria\/"]}]},{"@type":"ImageObject","inLanguage":"pt-BR","@id":"https:\/\/sitescrux.com.br\/gruposerpa\/consultoria\/#primaryimage","url":"https:\/\/sitescrux.com.br\/gruposerpa\/wp-content\/uploads\/2024\/06\/Br-ICON.png","contentUrl":"https:\/\/sitescrux.com.br\/gruposerpa\/wp-content\/uploads\/2024\/06\/Br-ICON.png","width":4856,"height":4856,"caption":"\u00cdcone bandeira Brasil"},{"@type":"WebSite","@id":"https:\/\/sitescrux.com.br\/gruposerpa\/#website","url":"https:\/\/sitescrux.com.br\/gruposerpa\/","name":"Grupo Serpa","description":"Consultoria Estrat\u00e9gica &amp; Log\u00edstica Integrada","publisher":{"@id":"https:\/\/sitescrux.com.br\/gruposerpa\/#organization"},"potentialAction":[{"@type":"SearchAction","target":{"@type":"EntryPoint","urlTemplate":"https:\/\/sitescrux.com.br\/gruposerpa\/?s={search_term_string}"},"query-input":{"@type":"PropertyValueSpecification","valueRequired":true,"valueName":"search_term_string"}}],"inLanguage":"pt-BR"},{"@type":"Organization","@id":"https:\/\/sitescrux.com.br\/gruposerpa\/#organization","name":"Grupo Serpa","url":"https:\/\/sitescrux.com.br\/gruposerpa\/","logo":{"@type":"ImageObject","inLanguage":"pt-BR","@id":"https:\/\/sitescrux.com.br\/gruposerpa\/#\/schema\/logo\/image\/","url":"https:\/\/sitescrux.com.br\/gruposerpa\/wp-content\/uploads\/2024\/06\/logo-grupo-serpa-png.png","contentUrl":"https:\/\/sitescrux.com.br\/gruposerpa\/wp-content\/uploads\/2024\/06\/logo-grupo-serpa-png.png","width":443,"height":203,"caption":"Grupo Serpa"},"image":{"@id":"https:\/\/sitescrux.com.br\/gruposerpa\/#\/schema\/logo\/image\/"},"sameAs":["https:\/\/www.facebook.com\/serpagroup"]}]}},"_links":{"self":[{"href":"https:\/\/sitescrux.com.br\/gruposerpa\/wp-json\/wp\/v2\/pages\/1588"}],"collection":[{"href":"https:\/\/sitescrux.com.br\/gruposerpa\/wp-json\/wp\/v2\/pages"}],"about":[{"href":"https:\/\/sitescrux.com.br\/gruposerpa\/wp-json\/wp\/v2\/types\/page"}],"author":[{"embeddable":true,"href":"https:\/\/sitescrux.com.br\/gruposerpa\/wp-json\/wp\/v2\/users\/2"}],"replies":[{"embeddable":true,"href":"https:\/\/sitescrux.com.br\/gruposerpa\/wp-json\/wp\/v2\/comments?post=1588"}],"version-history":[{"count":0,"href":"https:\/\/sitescrux.com.br\/gruposerpa\/wp-json\/wp\/v2\/pages\/1588\/revisions"}],"wp:attachment":[{"href":"https:\/\/sitescrux.com.br\/gruposerpa\/wp-json\/wp\/v2\/media?parent=1588"}],"curies":[{"name":"wp","href":"https:\/\/api.w.org\/{rel}","templated":true}]}}