{"id":20235,"date":"2024-07-29T17:37:16","date_gmt":"2024-07-29T20:37:16","guid":{"rendered":"https:\/\/sitescrux.com.br\/gruposerpa\/?page_id=20235"},"modified":"2024-09-18T15:04:31","modified_gmt":"2024-09-18T18:04:31","slug":"cambio","status":"publish","type":"page","link":"https:\/\/sitescrux.com.br\/gruposerpa\/cambio\/","title":{"rendered":"C\u00e2mbio"},"content":{"rendered":"\t\t<div data-elementor-type=\"wp-page\" data-elementor-id=\"20235\" class=\"elementor elementor-20235\" data-elementor-post-type=\"page\">\n\t\t\t\t<div class=\"elementor-element elementor-element-8451aaf e-flex e-con-boxed e-con e-parent\" data-id=\"8451aaf\" data-element_type=\"container\">\n\t\t\t\t\t<div class=\"e-con-inner\">\n\t\t<div class=\"elementor-element elementor-element-64ebd3b e-con-full e-flex e-con e-child\" data-id=\"64ebd3b\" data-element_type=\"container\">\n\t\t<div class=\"elementor-element elementor-element-8a0dc7f e-con-full e-flex e-con e-child\" data-id=\"8a0dc7f\" data-element_type=\"container\">\n\t\t\t\t<div class=\"elementor-element elementor-element-7d14042 elementor-widget-laptop__width-auto elementor-widget elementor-widget-pxl_heading\" data-id=\"7d14042\" data-element_type=\"widget\" data-widget_type=\"pxl_heading.default\">\n\t\t\t\t<div class=\"elementor-widget-container\">\n\t\t\t\n<div id=\"pxl-pxl_heading-7d14042-4996\" class=\"pxl-heading pxl-subtitle-box-3\">\n\t<div class=\"pxl-heading--container\">\n\t\t<div class=\"pxl-heading--inner\">\n\t\t\t\t\t\t\t<div class=\"pxl-item--subtitle wow fadeInUp\" data-wow-delay=\"ms\">\n\t\t\t\t\t<span class=\"pxl-item--subtext \">\n\t\t\t\t\t\tC\u00e2mbio\t\t\t\t\t<\/span>\n\t\t\t\t<\/div>\n\t\t\t\t\t\t<h2 class=\"pxl-item--title pxl-heading-default  wow fadeInUp\" data-wow-delay=\"\">\n\t\t\t\tFechamento de C\u00e2mbio para opera\u00e7\u00f5es de Importa\u00e7\u00e3o e Exporta\u00e7\u00e3o\t\t\t\t\t\n\t\t\t<\/h2>\n\t\t<\/div>\n\t\t\n\t<\/div>\n<\/div>\t\t<\/div>\n\t\t\t\t<\/div>\n\t\t\t\t<\/div>\n\t\t<div class=\"elementor-element elementor-element-0ff3fe0 e-con-full e-flex e-con e-child\" data-id=\"0ff3fe0\" data-element_type=\"container\">\n\t\t\t\t<div class=\"elementor-element elementor-element-d444405 elementor-widget elementor-widget-pxl_text_editor\" data-id=\"d444405\" data-element_type=\"widget\" data-widget_type=\"pxl_text_editor.default\">\n\t\t\t\t<div class=\"elementor-widget-container\">\n\t\t\t<div class=\"pxl-text-editor\">\n\t<div class=\"pxl-item--inner    \" data-wow-delay=\"ms\">\n\t\t<p><span style=\"font-weight: 400\">Em parceria com o Banco Rendimento, oferecemos servi\u00e7os de cota\u00e7\u00e3o, negocia\u00e7\u00e3o e fechamento de c\u00e2mbio para importa\u00e7\u00e3o e exporta\u00e7\u00e3o de mercadorias e servi\u00e7os, garantindo agilidade e economia.<\/span><\/p><p><span style=\"font-weight: 400\"> Tamb\u00e9m facilitamos o recebimento e remessa de valores do\/ao exterior para pessoas f\u00edsicas e jur\u00eddicas.\u00a0<\/span><\/p><p><span style=\"font-weight: 400\">Realizar essas transa\u00e7\u00f5es com uma empresa confi\u00e1vel \u00e9 essencial para garantir <strong>seguran\u00e7a e efici\u00eancia, minimizando riscos e assegurando a melhor gest\u00e3o dos seus recursos financeiros<\/strong>.<\/span><\/p>\t\t\n\t<\/div>\n<\/div>\t\t<\/div>\n\t\t\t\t<\/div>\n\t\t\t\t<div class=\"elementor-element elementor-element-ae1d2b6 elementor-widget elementor-widget-pxl_button\" data-id=\"ae1d2b6\" data-element_type=\"widget\" data-widget_type=\"pxl_button.default\">\n\t\t\t\t<div class=\"elementor-widget-container\">\n\t\t\t<div id=\"pxl-pxl_button-ae1d2b6-1281\" class=\"pxl-button pxl-atc-link \" data-wow-delay=\"ms\">\r\n    <a href=\"https:\/\/www.cambiocotacao.com.br\/login.aspx?ap=VR93e5ENn2Fy\/3o9ZEiLEA==\" target=\"_blank\" \r\n            class=\"btn pxl-icon-active \r\n             btn-large btn-style-border btn-style--dark \r\n             btn-hover-style1 \">\r\n        <span class=\"pxl--btn-text\" data-text=\"Fa\u00e7a sua conta\u00e7\u00e3o\">\r\n            Fa\u00e7a sua conta\u00e7\u00e3o        <\/span>\r\n        <i aria-hidden=\"true\" class=\"flaticon flaticon-up-right-arrow\"><\/i>    <\/a>\r\n<\/div>\t\t<\/div>\n\t\t\t\t<\/div>\n\t\t\t\t<\/div>\n\t\t\t\t<\/div>\n\t\t\t\t\t<\/div>\n\t\t\t\t<\/div>\n\t\t<div class=\"elementor-element elementor-element-04fe4af e-flex e-con-boxed e-con e-parent\" data-id=\"04fe4af\" data-element_type=\"container\" data-settings=\"{&quot;background_background&quot;:&quot;classic&quot;}\">\n\t\t\t\t\t<div class=\"e-con-inner\">\n\t\t<div class=\"elementor-element elementor-element-77acd3a e-con-full e-flex e-con e-child\" data-id=\"77acd3a\" data-element_type=\"container\">\n\t\t\t\t<div class=\"elementor-element elementor-element-69ddda1 elementor-widget-laptop__width-auto elementor-widget elementor-widget-pxl_heading\" data-id=\"69ddda1\" data-element_type=\"widget\" data-widget_type=\"pxl_heading.default\">\n\t\t\t\t<div class=\"elementor-widget-container\">\n\t\t\t\n<div id=\"pxl-pxl_heading-69ddda1-8705\" class=\"pxl-heading pxl-subtitle-box-3\">\n\t<div class=\"pxl-heading--container\">\n\t\t<div class=\"pxl-heading--inner\">\n\t\t\t\t\t\t\t<div class=\"pxl-item--subtitle \" data-wow-delay=\"ms\">\n\t\t\t\t\t<span class=\"pxl-item--subtext \">\n\t\t\t\t\t\tVeja tamb\u00e9m\t\t\t\t\t<\/span>\n\t\t\t\t<\/div>\n\t\t\t\t\t\t<h4 class=\"pxl-item--title pxl-heading-custom  \" data-wow-delay=\"\">\n\t\t\t\t            <span class=\"pxl-title--highlight\">\n                Outras solu\u00e7\u00f5es em Comex            <\/span>\n        \t\t\t\t\t\n\t\t\t<\/h4>\n\t\t<\/div>\n\t\t\n\t<\/div>\n<\/div>\t\t<\/div>\n\t\t\t\t<\/div>\n\t\t<div class=\"elementor-element elementor-element-c3c9a97 e-grid e-con-full e-con e-child\" data-id=\"c3c9a97\" data-element_type=\"container\">\n\t\t<div class=\"elementor-element elementor-element-89d6abc e-con-full e-flex elementor-invisible e-con e-child\" data-id=\"89d6abc\" data-element_type=\"container\" data-settings=\"{&quot;background_background&quot;:&quot;classic&quot;,&quot;animation&quot;:&quot;fadeInUp&quot;}\">\n\t\t\t\t<div class=\"elementor-element elementor-element-dfd0fb9 elementor-widget-laptop__width-auto elementor-widget elementor-widget-pxl_heading\" data-id=\"dfd0fb9\" data-element_type=\"widget\" data-widget_type=\"pxl_heading.default\">\n\t\t\t\t<div class=\"elementor-widget-container\">\n\t\t\t\n<div id=\"pxl-pxl_heading-dfd0fb9-5349\" class=\"pxl-heading pxl-subtitle-box-3\">\n\t<div class=\"pxl-heading--container\">\n\t\t<div class=\"pxl-heading--inner\">\n\t\t\t\t\t\t<p class=\"pxl-item--title pxl-heading-custom  \" data-wow-delay=\"\">\n\t\t\t\tImporta\u00e7\u00e3o\t\t\t\t\t\n\t\t\t<\/p>\n\t\t<\/div>\n\t\t\n\t<\/div>\n<\/div>\t\t<\/div>\n\t\t\t\t<\/div>\n\t\t\t\t<div class=\"elementor-element elementor-element-1586cef elementor-widget elementor-widget-pxl_button\" data-id=\"1586cef\" data-element_type=\"widget\" data-widget_type=\"pxl_button.default\">\n\t\t\t\t<div class=\"elementor-widget-container\">\n\t\t\t<div id=\"pxl-pxl_button-1586cef-9454\" class=\"pxl-button pxl-atc-link \" data-wow-delay=\"ms\">\r\n    <a href=\"https:\/\/sitescrux.com.br\/gruposerpa\/importacao\/\" \r\n            class=\"btn pxl-icon-active \r\n              btn-link btn-style--dark \r\n             btn-hover-style1 \">\r\n        <span class=\"pxl--btn-text\" data-text=\"Saiba mais\">\r\n            Saiba mais        <\/span>\r\n        <i aria-hidden=\"true\" class=\"flaticon flaticon-up-right-arrow\"><\/i>    <\/a>\r\n<\/div>\t\t<\/div>\n\t\t\t\t<\/div>\n\t\t\t\t<\/div>\n\t\t<div class=\"elementor-element elementor-element-2700cfc e-con-full e-flex elementor-invisible e-con e-child\" data-id=\"2700cfc\" data-element_type=\"container\" data-settings=\"{&quot;background_background&quot;:&quot;classic&quot;,&quot;animation&quot;:&quot;fadeInUp&quot;,&quot;animation_delay&quot;:100}\">\n\t\t\t\t<div class=\"elementor-element elementor-element-b2a3e87 elementor-widget-laptop__width-auto elementor-widget elementor-widget-pxl_heading\" data-id=\"b2a3e87\" data-element_type=\"widget\" data-widget_type=\"pxl_heading.default\">\n\t\t\t\t<div class=\"elementor-widget-container\">\n\t\t\t\n<div id=\"pxl-pxl_heading-b2a3e87-3741\" class=\"pxl-heading pxl-subtitle-box-3\">\n\t<div class=\"pxl-heading--container\">\n\t\t<div class=\"pxl-heading--inner\">\n\t\t\t\t\t\t<p class=\"pxl-item--title pxl-heading-custom  \" data-wow-delay=\"\">\n\t\t\t\tExporta\u00e7\u00e3o\t\t\t\t\t\n\t\t\t<\/p>\n\t\t<\/div>\n\t\t\n\t<\/div>\n<\/div>\t\t<\/div>\n\t\t\t\t<\/div>\n\t\t\t\t<div class=\"elementor-element elementor-element-f6502ac elementor-widget elementor-widget-pxl_button\" data-id=\"f6502ac\" data-element_type=\"widget\" data-widget_type=\"pxl_button.default\">\n\t\t\t\t<div class=\"elementor-widget-container\">\n\t\t\t<div id=\"pxl-pxl_button-f6502ac-7279\" class=\"pxl-button pxl-atc-link \" data-wow-delay=\"ms\">\r\n    <a href=\"https:\/\/sitescrux.com.br\/gruposerpa\/exportacao\/\" \r\n            class=\"btn pxl-icon-active \r\n              btn-link btn-style--dark \r\n             btn-hover-style1 \">\r\n        <span class=\"pxl--btn-text\" data-text=\"Saiba mais\">\r\n            Saiba mais        <\/span>\r\n        <i aria-hidden=\"true\" class=\"flaticon flaticon-up-right-arrow\"><\/i>    <\/a>\r\n<\/div>\t\t<\/div>\n\t\t\t\t<\/div>\n\t\t\t\t<\/div>\n\t\t<div class=\"elementor-element elementor-element-355ed7c e-con-full e-flex elementor-invisible e-con e-child\" data-id=\"355ed7c\" data-element_type=\"container\" data-settings=\"{&quot;background_background&quot;:&quot;classic&quot;,&quot;animation&quot;:&quot;fadeInUp&quot;,&quot;animation_delay&quot;:200}\">\n\t\t\t\t<div class=\"elementor-element elementor-element-1f38948 elementor-widget-laptop__width-auto elementor-widget elementor-widget-pxl_heading\" data-id=\"1f38948\" data-element_type=\"widget\" data-widget_type=\"pxl_heading.default\">\n\t\t\t\t<div class=\"elementor-widget-container\">\n\t\t\t\n<div id=\"pxl-pxl_heading-1f38948-9837\" class=\"pxl-heading pxl-subtitle-box-3\">\n\t<div class=\"pxl-heading--container\">\n\t\t<div class=\"pxl-heading--inner\">\n\t\t\t\t\t\t<p class=\"pxl-item--title pxl-heading-custom  \" data-wow-delay=\"\">\n\t\t\t\tLog\u00edstica Nacional\t\t\t\t\t\n\t\t\t<\/p>\n\t\t<\/div>\n\t\t\n\t<\/div>\n<\/div>\t\t<\/div>\n\t\t\t\t<\/div>\n\t\t\t\t<div class=\"elementor-element elementor-element-0685ee5 elementor-widget elementor-widget-pxl_button\" data-id=\"0685ee5\" data-element_type=\"widget\" data-widget_type=\"pxl_button.default\">\n\t\t\t\t<div class=\"elementor-widget-container\">\n\t\t\t<div id=\"pxl-pxl_button-0685ee5-9076\" class=\"pxl-button pxl-atc-link \" data-wow-delay=\"ms\">\r\n    <a href=\"https:\/\/sitescrux.com.br\/gruposerpa\/logistica-nacional\/\" \r\n            class=\"btn pxl-icon-active \r\n              btn-link btn-style--dark \r\n             btn-hover-style1 \">\r\n        <span class=\"pxl--btn-text\" data-text=\"Saiba mais\">\r\n            Saiba mais        <\/span>\r\n        <i aria-hidden=\"true\" class=\"flaticon flaticon-up-right-arrow\"><\/i>    <\/a>\r\n<\/div>\t\t<\/div>\n\t\t\t\t<\/div>\n\t\t\t\t<\/div>\n\t\t<div class=\"elementor-element elementor-element-4659226 e-con-full e-flex elementor-invisible e-con e-child\" data-id=\"4659226\" data-element_type=\"container\" data-settings=\"{&quot;background_background&quot;:&quot;classic&quot;,&quot;animation&quot;:&quot;fadeInUp&quot;,&quot;animation_delay&quot;:300}\">\n\t\t\t\t<div class=\"elementor-element elementor-element-528103f elementor-widget-laptop__width-auto elementor-widget elementor-widget-pxl_heading\" data-id=\"528103f\" data-element_type=\"widget\" data-widget_type=\"pxl_heading.default\">\n\t\t\t\t<div class=\"elementor-widget-container\">\n\t\t\t\n<div id=\"pxl-pxl_heading-528103f-2173\" class=\"pxl-heading pxl-subtitle-box-3\">\n\t<div class=\"pxl-heading--container\">\n\t\t<div class=\"pxl-heading--inner\">\n\t\t\t\t\t\t<p class=\"pxl-item--title pxl-heading-custom  \" data-wow-delay=\"\">\n\t\t\t\tLog\u00edstica Internacional\t\t\t\t\t\n\t\t\t<\/p>\n\t\t<\/div>\n\t\t\n\t<\/div>\n<\/div>\t\t<\/div>\n\t\t\t\t<\/div>\n\t\t\t\t<div class=\"elementor-element elementor-element-83c0052 elementor-widget elementor-widget-pxl_button\" data-id=\"83c0052\" data-element_type=\"widget\" data-widget_type=\"pxl_button.default\">\n\t\t\t\t<div class=\"elementor-widget-container\">\n\t\t\t<div id=\"pxl-pxl_button-83c0052-8103\" class=\"pxl-button pxl-atc-link \" data-wow-delay=\"ms\">\r\n    <a href=\"https:\/\/sitescrux.com.br\/gruposerpa\/logistica-internacional\/\" \r\n            class=\"btn pxl-icon-active \r\n              btn-link btn-style--dark \r\n             btn-hover-style1 \">\r\n        <span class=\"pxl--btn-text\" data-text=\"Saiba mais\">\r\n            Saiba mais        <\/span>\r\n        <i aria-hidden=\"true\" class=\"flaticon flaticon-up-right-arrow\"><\/i>    <\/a>\r\n<\/div>\t\t<\/div>\n\t\t\t\t<\/div>\n\t\t\t\t<\/div>\n\t\t<div class=\"elementor-element elementor-element-f3f2d68 e-con-full e-flex elementor-invisible e-con e-child\" data-id=\"f3f2d68\" data-element_type=\"container\" data-settings=\"{&quot;background_background&quot;:&quot;classic&quot;,&quot;animation&quot;:&quot;fadeInUp&quot;,&quot;animation_delay&quot;:400}\">\n\t\t\t\t<div class=\"elementor-element elementor-element-d4fe72b elementor-widget-laptop__width-auto elementor-widget elementor-widget-pxl_heading\" data-id=\"d4fe72b\" data-element_type=\"widget\" data-widget_type=\"pxl_heading.default\">\n\t\t\t\t<div class=\"elementor-widget-container\">\n\t\t\t\n<div id=\"pxl-pxl_heading-d4fe72b-3637\" class=\"pxl-heading pxl-subtitle-box-3\">\n\t<div class=\"pxl-heading--container\">\n\t\t<div class=\"pxl-heading--inner\">\n\t\t\t\t\t\t<p class=\"pxl-item--title pxl-heading-custom  \" data-wow-delay=\"\">\n\t\t\t\tSeguros\t\t\t\t\t\n\t\t\t<\/p>\n\t\t<\/div>\n\t\t\n\t<\/div>\n<\/div>\t\t<\/div>\n\t\t\t\t<\/div>\n\t\t\t\t<div class=\"elementor-element elementor-element-1f61a47 elementor-widget elementor-widget-pxl_button\" data-id=\"1f61a47\" data-element_type=\"widget\" data-widget_type=\"pxl_button.default\">\n\t\t\t\t<div class=\"elementor-widget-container\">\n\t\t\t<div id=\"pxl-pxl_button-1f61a47-6535\" class=\"pxl-button pxl-atc-link \" data-wow-delay=\"ms\">\r\n    <a href=\"https:\/\/sitescrux.com.br\/gruposerpa\/seguros\/\" \r\n            class=\"btn pxl-icon-active \r\n              btn-link btn-style--dark \r\n             btn-hover-style1 \">\r\n        <span class=\"pxl--btn-text\" data-text=\"Saiba mais\">\r\n            Saiba mais        <\/span>\r\n        <i aria-hidden=\"true\" class=\"flaticon flaticon-up-right-arrow\"><\/i>    <\/a>\r\n<\/div>\t\t<\/div>\n\t\t\t\t<\/div>\n\t\t\t\t<\/div>\n\t\t<div class=\"elementor-element elementor-element-f7eb815 e-con-full e-flex elementor-invisible e-con e-child\" data-id=\"f7eb815\" data-element_type=\"container\" data-settings=\"{&quot;background_background&quot;:&quot;classic&quot;,&quot;animation&quot;:&quot;fadeInUp&quot;,&quot;animation_delay&quot;:400}\">\n\t\t\t\t<div class=\"elementor-element elementor-element-3f9a9f2 elementor-widget-laptop__width-auto elementor-widget elementor-widget-pxl_heading\" data-id=\"3f9a9f2\" data-element_type=\"widget\" data-widget_type=\"pxl_heading.default\">\n\t\t\t\t<div class=\"elementor-widget-container\">\n\t\t\t\n<div id=\"pxl-pxl_heading-3f9a9f2-2252\" class=\"pxl-heading pxl-subtitle-box-3\">\n\t<div class=\"pxl-heading--container\">\n\t\t<div class=\"pxl-heading--inner\">\n\t\t\t\t\t\t<p class=\"pxl-item--title pxl-heading-custom  \" data-wow-delay=\"\">\n\t\t\t\tConcierge &#038; Turismo\t\t\t\t\t\n\t\t\t<\/p>\n\t\t<\/div>\n\t\t\n\t<\/div>\n<\/div>\t\t<\/div>\n\t\t\t\t<\/div>\n\t\t\t\t<div class=\"elementor-element elementor-element-b85478e elementor-widget elementor-widget-pxl_button\" data-id=\"b85478e\" data-element_type=\"widget\" data-widget_type=\"pxl_button.default\">\n\t\t\t\t<div class=\"elementor-widget-container\">\n\t\t\t<div id=\"pxl-pxl_button-b85478e-6701\" class=\"pxl-button pxl-atc-link \" data-wow-delay=\"ms\">\r\n    <a href=\"https:\/\/sitescrux.com.br\/gruposerpa\/concierge-turismo\/\" \r\n            class=\"btn pxl-icon-active \r\n              btn-link btn-style--dark \r\n             btn-hover-style1 \">\r\n        <span class=\"pxl--btn-text\" data-text=\"Saiba mais\">\r\n            Saiba mais        <\/span>\r\n        <i aria-hidden=\"true\" class=\"flaticon flaticon-up-right-arrow\"><\/i>    <\/a>\r\n<\/div>\t\t<\/div>\n\t\t\t\t<\/div>\n\t\t\t\t<\/div>\n\t\t\t\t<\/div>\n\t\t\t\t<\/div>\n\t\t\t\t\t<\/div>\n\t\t\t\t<\/div>\n\t\t<section class=\"elementor-element elementor-element-423b9efb e-flex e-con-boxed e-con e-parent\" data-id=\"423b9efb\" data-element_type=\"container\">\n\t\t\t\t\t<div class=\"e-con-inner\">\n\t\t<div class=\"elementor-element elementor-element-cc3759f e-con-full e-flex e-con e-child\" data-id=\"cc3759f\" data-element_type=\"container\" data-settings=\"{&quot;background_background&quot;:&quot;classic&quot;}\">\n\t\t<div class=\"elementor-element elementor-element-20e18b26 e-con-full e-flex e-con e-child\" data-id=\"20e18b26\" data-element_type=\"container\">\n\t\t\t\t<div class=\"elementor-element elementor-element-4d2a8cef elementor-widget elementor-widget-pxl_heading\" data-id=\"4d2a8cef\" data-element_type=\"widget\" data-widget_type=\"pxl_heading.default\">\n\t\t\t\t<div class=\"elementor-widget-container\">\n\t\t\t\n<div id=\"pxl-pxl_heading-4d2a8cef-8674\" class=\"pxl-heading  \">\n\t<div class=\"pxl-heading--container\">\n\t\t<div class=\"pxl-heading--inner\">\n\t\t\t\t\t\t<h2 class=\"pxl-item--title pxl-heading-style-1  wow fadeInUp\" data-wow-delay=\"\">\n\t\t\t\t            <span class=\"pxl-title--highlight\">\n                Fale com a gente!            <\/span>\n        \t\t\t\t\t\n\t\t\t<\/h2>\n\t\t<\/div>\n\t\t\n\t<\/div>\n<\/div>\t\t<\/div>\n\t\t\t\t<\/div>\n\t\t\t\t<div class=\"elementor-element elementor-element-29ca329f elementor-widget elementor-widget-pxl_text_editor\" data-id=\"29ca329f\" data-element_type=\"widget\" data-widget_type=\"pxl_text_editor.default\">\n\t\t\t\t<div class=\"elementor-widget-container\">\n\t\t\t<div class=\"pxl-text-editor\">\n\t<div class=\"pxl-item--inner    \" data-wow-delay=\"ms\">\n\t\t<p><span style=\"font-weight: 400\">Precisa fazer simula\u00e7\u00e3o de fechamento de c\u00e2mbio, transfer\u00eancias ou recebimento de valores do\/para o exterior? <\/span><b>Entre em contato.<\/b><\/p>\t\t\n\t<\/div>\n<\/div>\t\t<\/div>\n\t\t\t\t<\/div>\n\t\t\t\t<\/div>\n\t\t<div class=\"elementor-element elementor-element-fc18045 e-con-full e-flex e-con e-child\" data-id=\"fc18045\" data-element_type=\"container\" id=\"containerForm\">\n\t\t\t\t<div class=\"elementor-element elementor-element-703e8e5 elementor-widget elementor-widget-html\" data-id=\"703e8e5\" data-element_type=\"widget\" data-widget_type=\"html.default\">\n\t\t\t\t<div class=\"elementor-widget-container\">\n\t\t\t<div role=\"main\" id=\"gs-novo-site-contato-duplicado-teste-fc40b4c922e0c19a0414\"><\/div><script type=\"text\/javascript\" src=\"https:\/\/d335luupugsy2.cloudfront.net\/js\/rdstation-forms\/stable\/rdstation-forms.min.js\"><\/script><script type=\"text\/javascript\"> new RDStationForms('gs-novo-site-contato-duplicado-teste-fc40b4c922e0c19a0414', 'UA-138594485-1').createForm();<\/script>\t\t<\/div>\n\t\t\t\t<\/div>\n\t\t\t\t<\/div>\n\t\t\t\t<\/div>\n\t\t\t\t\t<\/div>\n\t\t\t\t<\/section>\n\t\t\t\t<\/div>\n\t\t","protected":false},"excerpt":{"rendered":"<p>C\u00e2mbio Fechamento de C\u00e2mbio para opera\u00e7\u00f5es de Importa\u00e7\u00e3o e Exporta\u00e7\u00e3o Em parceria com o Banco Rendimento, oferecemos servi\u00e7os de cota\u00e7\u00e3o, negocia\u00e7\u00e3o e fechamento de c\u00e2mbio para importa\u00e7\u00e3o e exporta\u00e7\u00e3o de mercadorias e servi\u00e7os, garantindo agilidade e economia. Tamb\u00e9m facilitamos o recebimento e remessa de valores do\/ao exterior para pessoas f\u00edsicas e jur\u00eddicas.\u00a0 Realizar essas transa\u00e7\u00f5es [&hellip;]<\/p>\n","protected":false},"author":2,"featured_media":0,"parent":0,"menu_order":0,"comment_status":"closed","ping_status":"closed","template":"","meta":{"footnotes":""},"class_list":["post-20235","page","type-page","status-publish","hentry"],"yoast_head":"<!-- This site is optimized with the Yoast SEO plugin v25.6 - https:\/\/yoast.com\/wordpress\/plugins\/seo\/ -->\n<title>Fechamento de C\u00e2mbio - Grupo Serpa<\/title>\n<meta name=\"robots\" content=\"noindex, follow, max-snippet:-1, max-image-preview:large, max-video-preview:-1\" \/>\n<meta property=\"og:locale\" content=\"pt_BR\" \/>\n<meta property=\"og:type\" content=\"article\" \/>\n<meta property=\"og:title\" content=\"Fechamento de C\u00e2mbio - Grupo Serpa\" \/>\n<meta property=\"og:description\" content=\"C\u00e2mbio Fechamento de C\u00e2mbio para opera\u00e7\u00f5es de Importa\u00e7\u00e3o e Exporta\u00e7\u00e3o Em parceria com o Banco Rendimento, oferecemos servi\u00e7os de cota\u00e7\u00e3o, negocia\u00e7\u00e3o e fechamento de c\u00e2mbio para importa\u00e7\u00e3o e exporta\u00e7\u00e3o de mercadorias e servi\u00e7os, garantindo agilidade e economia. Tamb\u00e9m facilitamos o recebimento e remessa de valores do\/ao exterior para pessoas f\u00edsicas e jur\u00eddicas.\u00a0 Realizar essas transa\u00e7\u00f5es [&hellip;]\" \/>\n<meta property=\"og:url\" content=\"https:\/\/sitescrux.com.br\/gruposerpa\/cambio\/\" \/>\n<meta property=\"og:site_name\" content=\"Grupo Serpa\" \/>\n<meta property=\"article:publisher\" content=\"https:\/\/www.facebook.com\/serpagroup\" \/>\n<meta property=\"article:modified_time\" content=\"2024-09-18T18:04:31+00:00\" \/>\n<meta name=\"twitter:card\" content=\"summary_large_image\" \/>\n<meta name=\"twitter:label1\" content=\"Est. tempo de leitura\" \/>\n\t<meta name=\"twitter:data1\" content=\"1 minuto\" \/>\n<script type=\"application\/ld+json\" class=\"yoast-schema-graph\">{\"@context\":\"https:\/\/schema.org\",\"@graph\":[{\"@type\":\"WebPage\",\"@id\":\"https:\/\/sitescrux.com.br\/gruposerpa\/cambio\/\",\"url\":\"https:\/\/sitescrux.com.br\/gruposerpa\/cambio\/\",\"name\":\"Fechamento de C\u00e2mbio - Grupo Serpa\",\"isPartOf\":{\"@id\":\"https:\/\/sitescrux.com.br\/gruposerpa\/#website\"},\"datePublished\":\"2024-07-29T20:37:16+00:00\",\"dateModified\":\"2024-09-18T18:04:31+00:00\",\"inLanguage\":\"pt-BR\",\"potentialAction\":[{\"@type\":\"ReadAction\",\"target\":[\"https:\/\/sitescrux.com.br\/gruposerpa\/cambio\/\"]}]},{\"@type\":\"WebSite\",\"@id\":\"https:\/\/sitescrux.com.br\/gruposerpa\/#website\",\"url\":\"https:\/\/sitescrux.com.br\/gruposerpa\/\",\"name\":\"Grupo Serpa\",\"description\":\"Consultoria Estrat\u00e9gica &amp; Log\u00edstica Integrada\",\"publisher\":{\"@id\":\"https:\/\/sitescrux.com.br\/gruposerpa\/#organization\"},\"potentialAction\":[{\"@type\":\"SearchAction\",\"target\":{\"@type\":\"EntryPoint\",\"urlTemplate\":\"https:\/\/sitescrux.com.br\/gruposerpa\/?s={search_term_string}\"},\"query-input\":{\"@type\":\"PropertyValueSpecification\",\"valueRequired\":true,\"valueName\":\"search_term_string\"}}],\"inLanguage\":\"pt-BR\"},{\"@type\":\"Organization\",\"@id\":\"https:\/\/sitescrux.com.br\/gruposerpa\/#organization\",\"name\":\"Grupo Serpa\",\"url\":\"https:\/\/sitescrux.com.br\/gruposerpa\/\",\"logo\":{\"@type\":\"ImageObject\",\"inLanguage\":\"pt-BR\",\"@id\":\"https:\/\/sitescrux.com.br\/gruposerpa\/#\/schema\/logo\/image\/\",\"url\":\"https:\/\/sitescrux.com.br\/gruposerpa\/wp-content\/uploads\/2024\/06\/logo-grupo-serpa-png.png\",\"contentUrl\":\"https:\/\/sitescrux.com.br\/gruposerpa\/wp-content\/uploads\/2024\/06\/logo-grupo-serpa-png.png\",\"width\":443,\"height\":203,\"caption\":\"Grupo Serpa\"},\"image\":{\"@id\":\"https:\/\/sitescrux.com.br\/gruposerpa\/#\/schema\/logo\/image\/\"},\"sameAs\":[\"https:\/\/www.facebook.com\/serpagroup\"]}]}<\/script>\n<!-- \/ Yoast SEO plugin. -->","yoast_head_json":{"title":"Fechamento de C\u00e2mbio - Grupo Serpa","robots":{"index":"noindex","follow":"follow","max-snippet":"max-snippet:-1","max-image-preview":"max-image-preview:large","max-video-preview":"max-video-preview:-1"},"og_locale":"pt_BR","og_type":"article","og_title":"Fechamento de C\u00e2mbio - Grupo Serpa","og_description":"C\u00e2mbio Fechamento de C\u00e2mbio para opera\u00e7\u00f5es de Importa\u00e7\u00e3o e Exporta\u00e7\u00e3o Em parceria com o Banco Rendimento, oferecemos servi\u00e7os de cota\u00e7\u00e3o, negocia\u00e7\u00e3o e fechamento de c\u00e2mbio para importa\u00e7\u00e3o e exporta\u00e7\u00e3o de mercadorias e servi\u00e7os, garantindo agilidade e economia. Tamb\u00e9m facilitamos o recebimento e remessa de valores do\/ao exterior para pessoas f\u00edsicas e jur\u00eddicas.\u00a0 Realizar essas transa\u00e7\u00f5es [&hellip;]","og_url":"https:\/\/sitescrux.com.br\/gruposerpa\/cambio\/","og_site_name":"Grupo Serpa","article_publisher":"https:\/\/www.facebook.com\/serpagroup","article_modified_time":"2024-09-18T18:04:31+00:00","twitter_card":"summary_large_image","twitter_misc":{"Est. tempo de leitura":"1 minuto"},"schema":{"@context":"https:\/\/schema.org","@graph":[{"@type":"WebPage","@id":"https:\/\/sitescrux.com.br\/gruposerpa\/cambio\/","url":"https:\/\/sitescrux.com.br\/gruposerpa\/cambio\/","name":"Fechamento de C\u00e2mbio - Grupo Serpa","isPartOf":{"@id":"https:\/\/sitescrux.com.br\/gruposerpa\/#website"},"datePublished":"2024-07-29T20:37:16+00:00","dateModified":"2024-09-18T18:04:31+00:00","inLanguage":"pt-BR","potentialAction":[{"@type":"ReadAction","target":["https:\/\/sitescrux.com.br\/gruposerpa\/cambio\/"]}]},{"@type":"WebSite","@id":"https:\/\/sitescrux.com.br\/gruposerpa\/#website","url":"https:\/\/sitescrux.com.br\/gruposerpa\/","name":"Grupo Serpa","description":"Consultoria Estrat\u00e9gica &amp; Log\u00edstica Integrada","publisher":{"@id":"https:\/\/sitescrux.com.br\/gruposerpa\/#organization"},"potentialAction":[{"@type":"SearchAction","target":{"@type":"EntryPoint","urlTemplate":"https:\/\/sitescrux.com.br\/gruposerpa\/?s={search_term_string}"},"query-input":{"@type":"PropertyValueSpecification","valueRequired":true,"valueName":"search_term_string"}}],"inLanguage":"pt-BR"},{"@type":"Organization","@id":"https:\/\/sitescrux.com.br\/gruposerpa\/#organization","name":"Grupo Serpa","url":"https:\/\/sitescrux.com.br\/gruposerpa\/","logo":{"@type":"ImageObject","inLanguage":"pt-BR","@id":"https:\/\/sitescrux.com.br\/gruposerpa\/#\/schema\/logo\/image\/","url":"https:\/\/sitescrux.com.br\/gruposerpa\/wp-content\/uploads\/2024\/06\/logo-grupo-serpa-png.png","contentUrl":"https:\/\/sitescrux.com.br\/gruposerpa\/wp-content\/uploads\/2024\/06\/logo-grupo-serpa-png.png","width":443,"height":203,"caption":"Grupo Serpa"},"image":{"@id":"https:\/\/sitescrux.com.br\/gruposerpa\/#\/schema\/logo\/image\/"},"sameAs":["https:\/\/www.facebook.com\/serpagroup"]}]}},"_links":{"self":[{"href":"https:\/\/sitescrux.com.br\/gruposerpa\/wp-json\/wp\/v2\/pages\/20235"}],"collection":[{"href":"https:\/\/sitescrux.com.br\/gruposerpa\/wp-json\/wp\/v2\/pages"}],"about":[{"href":"https:\/\/sitescrux.com.br\/gruposerpa\/wp-json\/wp\/v2\/types\/page"}],"author":[{"embeddable":true,"href":"https:\/\/sitescrux.com.br\/gruposerpa\/wp-json\/wp\/v2\/users\/2"}],"replies":[{"embeddable":true,"href":"https:\/\/sitescrux.com.br\/gruposerpa\/wp-json\/wp\/v2\/comments?post=20235"}],"version-history":[{"count":0,"href":"https:\/\/sitescrux.com.br\/gruposerpa\/wp-json\/wp\/v2\/pages\/20235\/revisions"}],"wp:attachment":[{"href":"https:\/\/sitescrux.com.br\/gruposerpa\/wp-json\/wp\/v2\/media?parent=20235"}],"curies":[{"name":"wp","href":"https:\/\/api.w.org\/{rel}","templated":true}]}}