{"id":32,"date":"2024-02-28T09:35:52","date_gmt":"2024-02-28T09:35:52","guid":{"rendered":"http:\/\/demo.bravisthemes.com\/gurus\/?page_id=32"},"modified":"2024-09-18T12:02:22","modified_gmt":"2024-09-18T15:02:22","slug":"contato","status":"publish","type":"page","link":"https:\/\/sitescrux.com.br\/gruposerpa\/contato\/","title":{"rendered":"Contato"},"content":{"rendered":"\t\t<div data-elementor-type=\"wp-page\" data-elementor-id=\"32\" class=\"elementor elementor-32\" data-elementor-post-type=\"page\">\n\t\t\t\t        <section class=\"elementor-section elementor-top-section elementor-element elementor-element-747f03d elementor-section-full_width elementor-section-stretched elementor-section-height-default elementor-section-height-default pxl-row-scroll-none pxl-zoom-point-false pxl-section-overflow-visible pxl-section-fix-none pxl-full-content-with-space-none pxl-bg-color-none pxl-section-overlay-none\" data-id=\"747f03d\" data-element_type=\"section\" data-settings=\"{&quot;stretch_section&quot;:&quot;section-stretched&quot;}\">\n\n                \n                <div class=\"elementor-container elementor-column-gap-extended \">\n                <div class=\"elementor-column elementor-col-33 elementor-top-column elementor-element elementor-element-733fb21 pxl-column-none pxl-column-overflow-hidden-no\" data-id=\"733fb21\" data-element_type=\"column\">\r\n        <div class=\"elementor-widget-wrap elementor-element-populated\">\r\n                     \r\n        \t\t<div class=\"elementor-element elementor-element-a3b916e elementor-widget__width-auto elementor-widget-widescreen__width-auto elementor-widget-laptop__width-auto elementor-widget-tablet_extra__width-inherit elementor-widget elementor-widget-pxl_icon_box\" data-id=\"a3b916e\" data-element_type=\"widget\" data-widget_type=\"pxl_icon_box.default\">\n\t\t\t\t<div class=\"elementor-widget-container\">\n\t\t\t\r\n<div class=\"pxl-icon-box pxl-icon-box1 default \" data-wow-delay=\"ms\">\r\n    <div class=\"pxl-item--inner\">\r\n        <!-- Show icon -->\r\n                    <div class=\"pxl-item--icon\">\r\n                <i aria-hidden=\"true\" class=\"flaticon flaticon-telephone\"><\/i>            <\/div>\r\n                \r\n\r\n\r\n        \r\n        <!-- Content -->\r\n        <div class=\"pxl-item--content\">\r\n            <!-- Title -->\r\n            <h3 class=\"pxl-item--title el-empty\">Fa\u00e7a uma liga\u00e7\u00e3o<\/h3>\r\n            <!-- Description -->\r\n            <div class=\"pxl-item--description el-empty\">\r\n                +55 (31) 2104-5555            <\/div>\r\n            <!-- Link -->\r\n                            <a class=\"pxl-item--link\" href=\"tel:#\"><\/a>\r\n                    <\/div>        \r\n    <\/div>\r\n<\/div>\r\n\r\n\r\n\r\n\r\n\r\n\r\n<!--  -->\r\n\t\t<\/div>\n\t\t\t\t<\/div>\n\t\t            <\/div>\r\n        <\/div>\r\n                <div class=\"elementor-column elementor-col-33 elementor-top-column elementor-element elementor-element-999ec38 pxl-column-none pxl-column-overflow-hidden-no\" data-id=\"999ec38\" data-element_type=\"column\">\r\n        <div class=\"elementor-widget-wrap elementor-element-populated\">\r\n                     \r\n        \t\t<div class=\"elementor-element elementor-element-9801167 elementor-widget__width-auto elementor-widget-tablet_extra__width-inherit elementor-widget elementor-widget-pxl_icon_box\" data-id=\"9801167\" data-element_type=\"widget\" data-widget_type=\"pxl_icon_box.default\">\n\t\t\t\t<div class=\"elementor-widget-container\">\n\t\t\t\r\n<div class=\"pxl-icon-box pxl-icon-box1 default \" data-wow-delay=\"ms\">\r\n    <div class=\"pxl-item--inner\">\r\n        <!-- Show icon -->\r\n                    <div class=\"pxl-item--icon\">\r\n                <i aria-hidden=\"true\" class=\"flaticon flaticon-email\"><\/i>            <\/div>\r\n                \r\n\r\n\r\n        \r\n        <!-- Content -->\r\n        <div class=\"pxl-item--content\">\r\n            <!-- Title -->\r\n            <h3 class=\"pxl-item--title el-empty\">Encaminhe um email<\/h3>\r\n            <!-- Description -->\r\n            <div class=\"pxl-item--description el-empty\">\r\n                marketing@gruposerpa.com.br            <\/div>\r\n            <!-- Link -->\r\n                            <a class=\"pxl-item--link\" href=\"mailto:#\"><\/a>\r\n                    <\/div>        \r\n    <\/div>\r\n<\/div>\r\n\r\n\r\n\r\n\r\n\r\n\r\n<!--  -->\r\n\t\t<\/div>\n\t\t\t\t<\/div>\n\t\t            <\/div>\r\n        <\/div>\r\n                <div class=\"elementor-column elementor-col-33 elementor-top-column elementor-element elementor-element-f10ba04 pxl-column-none pxl-column-overflow-hidden-no\" data-id=\"f10ba04\" data-element_type=\"column\">\r\n        <div class=\"elementor-widget-wrap elementor-element-populated\">\r\n                     \r\n        \t\t<div class=\"elementor-element elementor-element-f8575e2 elementor-widget__width-auto elementor-widget elementor-widget-pxl_icon_box\" data-id=\"f8575e2\" data-element_type=\"widget\" data-widget_type=\"pxl_icon_box.default\">\n\t\t\t\t<div class=\"elementor-widget-container\">\n\t\t\t\r\n<div class=\"pxl-icon-box pxl-icon-box1 default \" data-wow-delay=\"ms\">\r\n    <div class=\"pxl-item--inner\">\r\n        <!-- Show icon -->\r\n                    <div class=\"pxl-item--icon\">\r\n                <i aria-hidden=\"true\" class=\"flaticon flaticon-maps\"><\/i>            <\/div>\r\n                \r\n\r\n\r\n        \r\n        <!-- Content -->\r\n        <div class=\"pxl-item--content\">\r\n            <!-- Title -->\r\n            <h3 class=\"pxl-item--title el-empty\">Visite nosso escrit\u00f3rio<\/h3>\r\n            <!-- Description -->\r\n            <div class=\"pxl-item--description el-empty\">\r\n                Rua Gon\u00e7alves Dias, 1130 \u2013 Funcion\u00e1rios \u2013 Belo Horizonte, MG            <\/div>\r\n            <!-- Link -->\r\n                            <a class=\"pxl-item--link\" href=\"#\"><\/a>\r\n                    <\/div>        \r\n    <\/div>\r\n<\/div>\r\n\r\n\r\n\r\n\r\n\r\n\r\n<!--  -->\r\n\t\t<\/div>\n\t\t\t\t<\/div>\n\t\t            <\/div>\r\n        <\/div>\r\n        \t\t\t<\/div>\n\t\t<\/section>\n\t\t<div class=\"elementor-element elementor-element-c1ae78a e-flex e-con-boxed e-con e-parent\" data-id=\"c1ae78a\" data-element_type=\"container\">\n\t\t\t\t\t<div class=\"e-con-inner\">\n\t\t<div class=\"elementor-element elementor-element-e332356 e-con-full e-flex e-con e-child\" data-id=\"e332356\" data-element_type=\"container\">\n\t\t\t\t<div class=\"elementor-element elementor-element-471e28c elementor-widget elementor-widget-pxl_heading\" data-id=\"471e28c\" data-element_type=\"widget\" data-widget_type=\"pxl_heading.default\">\n\t\t\t\t<div class=\"elementor-widget-container\">\n\t\t\t\n<div id=\"pxl-pxl_heading-471e28c-9331\" class=\"pxl-heading pxl-subtitle-box-3\">\n\t<div class=\"pxl-heading--container\">\n\t\t<div class=\"pxl-heading--inner\">\n\t\t\t\t\t\t\t<div class=\"pxl-item--subtitle wow fadeInUp\" data-wow-delay=\"ms\">\n\t\t\t\t\t<span class=\"pxl-item--subtext \">\n\t\t\t\t\t\tO Grupo Serpa \u00e9 especialista em Com\u00e9rcio Exterior \t\t\t\t\t<\/span>\n\t\t\t\t<\/div>\n\t\t\t\t\t\t<h2 class=\"pxl-item--title pxl-heading-default  wow fadeInUp\" data-wow-delay=\"\">\n\t\t\t\tOferecemos suporte 360\u00ba para o desenvolvimento e expans\u00e3o de neg\u00f3cios internacionais, especialmente entre Brasil, Estados Unidos e China.             <span class=\"pxl-title--highlight\">\n                Vamos conversar?            <\/span>\n         \t\t\t\t\t\n\t\t\t<\/h2>\n\t\t<\/div>\n\t\t\n\t<\/div>\n<\/div>\t\t<\/div>\n\t\t\t\t<\/div>\n\t\t\t\t<\/div>\n\t\t<div class=\"elementor-element elementor-element-ae190d1 e-con-full e-flex e-con e-child\" data-id=\"ae190d1\" data-element_type=\"container\" id=\"containerForm\">\n\t\t\t\t<div class=\"elementor-element elementor-element-00b6aa2 elementor-widget elementor-widget-html\" data-id=\"00b6aa2\" data-element_type=\"widget\" data-widget_type=\"html.default\">\n\t\t\t\t<div class=\"elementor-widget-container\">\n\t\t\t<div role=\"main\" id=\"gs-novo-site-contato-duplicado-teste-fc40b4c922e0c19a0414\"><\/div><script type=\"text\/javascript\" src=\"https:\/\/d335luupugsy2.cloudfront.net\/js\/rdstation-forms\/stable\/rdstation-forms.min.js\"><\/script><script type=\"text\/javascript\"> new RDStationForms('gs-novo-site-contato-duplicado-teste-fc40b4c922e0c19a0414', 'UA-138594485-1').createForm();<\/script>\t\t<\/div>\n\t\t\t\t<\/div>\n\t\t\t\t<\/div>\n\t\t\t\t\t<\/div>\n\t\t\t\t<\/div>\n\t\t\t\t<\/div>\n\t\t","protected":false},"excerpt":{"rendered":"<p>Fa\u00e7a uma liga\u00e7\u00e3o +55 (31) 2104-5555 Encaminhe um email marketing@gruposerpa.com.br Visite nosso escrit\u00f3rio Rua Gon\u00e7alves Dias, 1130 \u2013 Funcion\u00e1rios \u2013 Belo Horizonte, MG O Grupo Serpa \u00e9 especialista em Com\u00e9rcio Exterior Oferecemos suporte 360\u00ba para o desenvolvimento e expans\u00e3o de neg\u00f3cios internacionais, especialmente entre Brasil, Estados Unidos e China. Vamos conversar?<\/p>\n","protected":false},"author":2,"featured_media":0,"parent":0,"menu_order":0,"comment_status":"closed","ping_status":"closed","template":"","meta":{"footnotes":""},"class_list":["post-32","page","type-page","status-publish","hentry"],"yoast_head":"<!-- This site is optimized with the Yoast SEO plugin v25.6 - https:\/\/yoast.com\/wordpress\/plugins\/seo\/ -->\n<title>Fale com o Grupo Serpa - Contato - Grupo Serpa<\/title>\n<meta name=\"robots\" content=\"noindex, follow, max-snippet:-1, max-image-preview:large, max-video-preview:-1\" \/>\n<meta property=\"og:locale\" content=\"pt_BR\" \/>\n<meta property=\"og:type\" content=\"article\" \/>\n<meta property=\"og:title\" content=\"Fale com o Grupo Serpa - Contato - Grupo Serpa\" \/>\n<meta property=\"og:description\" content=\"Fa\u00e7a uma liga\u00e7\u00e3o +55 (31) 2104-5555 Encaminhe um email marketing@gruposerpa.com.br Visite nosso escrit\u00f3rio Rua Gon\u00e7alves Dias, 1130 \u2013 Funcion\u00e1rios \u2013 Belo Horizonte, MG O Grupo Serpa \u00e9 especialista em Com\u00e9rcio Exterior Oferecemos suporte 360\u00ba para o desenvolvimento e expans\u00e3o de neg\u00f3cios internacionais, especialmente entre Brasil, Estados Unidos e China. Vamos conversar?\" \/>\n<meta property=\"og:url\" content=\"https:\/\/sitescrux.com.br\/gruposerpa\/contato\/\" \/>\n<meta property=\"og:site_name\" content=\"Grupo Serpa\" \/>\n<meta property=\"article:publisher\" content=\"https:\/\/www.facebook.com\/serpagroup\" \/>\n<meta property=\"article:modified_time\" content=\"2024-09-18T15:02:22+00:00\" \/>\n<meta name=\"twitter:card\" content=\"summary_large_image\" \/>\n<meta name=\"twitter:label1\" content=\"Est. tempo de leitura\" \/>\n\t<meta name=\"twitter:data1\" content=\"1 minuto\" \/>\n<script type=\"application\/ld+json\" class=\"yoast-schema-graph\">{\"@context\":\"https:\/\/schema.org\",\"@graph\":[{\"@type\":\"WebPage\",\"@id\":\"https:\/\/sitescrux.com.br\/gruposerpa\/contato\/\",\"url\":\"https:\/\/sitescrux.com.br\/gruposerpa\/contato\/\",\"name\":\"Fale com o Grupo Serpa - Contato - Grupo Serpa\",\"isPartOf\":{\"@id\":\"https:\/\/sitescrux.com.br\/gruposerpa\/#website\"},\"datePublished\":\"2024-02-28T09:35:52+00:00\",\"dateModified\":\"2024-09-18T15:02:22+00:00\",\"inLanguage\":\"pt-BR\",\"potentialAction\":[{\"@type\":\"ReadAction\",\"target\":[\"https:\/\/sitescrux.com.br\/gruposerpa\/contato\/\"]}]},{\"@type\":\"WebSite\",\"@id\":\"https:\/\/sitescrux.com.br\/gruposerpa\/#website\",\"url\":\"https:\/\/sitescrux.com.br\/gruposerpa\/\",\"name\":\"Grupo Serpa\",\"description\":\"Consultoria Estrat\u00e9gica &amp; Log\u00edstica Integrada\",\"publisher\":{\"@id\":\"https:\/\/sitescrux.com.br\/gruposerpa\/#organization\"},\"potentialAction\":[{\"@type\":\"SearchAction\",\"target\":{\"@type\":\"EntryPoint\",\"urlTemplate\":\"https:\/\/sitescrux.com.br\/gruposerpa\/?s={search_term_string}\"},\"query-input\":{\"@type\":\"PropertyValueSpecification\",\"valueRequired\":true,\"valueName\":\"search_term_string\"}}],\"inLanguage\":\"pt-BR\"},{\"@type\":\"Organization\",\"@id\":\"https:\/\/sitescrux.com.br\/gruposerpa\/#organization\",\"name\":\"Grupo Serpa\",\"url\":\"https:\/\/sitescrux.com.br\/gruposerpa\/\",\"logo\":{\"@type\":\"ImageObject\",\"inLanguage\":\"pt-BR\",\"@id\":\"https:\/\/sitescrux.com.br\/gruposerpa\/#\/schema\/logo\/image\/\",\"url\":\"https:\/\/sitescrux.com.br\/gruposerpa\/wp-content\/uploads\/2024\/06\/logo-grupo-serpa-png.png\",\"contentUrl\":\"https:\/\/sitescrux.com.br\/gruposerpa\/wp-content\/uploads\/2024\/06\/logo-grupo-serpa-png.png\",\"width\":443,\"height\":203,\"caption\":\"Grupo Serpa\"},\"image\":{\"@id\":\"https:\/\/sitescrux.com.br\/gruposerpa\/#\/schema\/logo\/image\/\"},\"sameAs\":[\"https:\/\/www.facebook.com\/serpagroup\"]}]}<\/script>\n<!-- \/ Yoast SEO plugin. -->","yoast_head_json":{"title":"Fale com o Grupo Serpa - Contato - Grupo Serpa","robots":{"index":"noindex","follow":"follow","max-snippet":"max-snippet:-1","max-image-preview":"max-image-preview:large","max-video-preview":"max-video-preview:-1"},"og_locale":"pt_BR","og_type":"article","og_title":"Fale com o Grupo Serpa - Contato - Grupo Serpa","og_description":"Fa\u00e7a uma liga\u00e7\u00e3o +55 (31) 2104-5555 Encaminhe um email marketing@gruposerpa.com.br Visite nosso escrit\u00f3rio Rua Gon\u00e7alves Dias, 1130 \u2013 Funcion\u00e1rios \u2013 Belo Horizonte, MG O Grupo Serpa \u00e9 especialista em Com\u00e9rcio Exterior Oferecemos suporte 360\u00ba para o desenvolvimento e expans\u00e3o de neg\u00f3cios internacionais, especialmente entre Brasil, Estados Unidos e China. Vamos conversar?","og_url":"https:\/\/sitescrux.com.br\/gruposerpa\/contato\/","og_site_name":"Grupo Serpa","article_publisher":"https:\/\/www.facebook.com\/serpagroup","article_modified_time":"2024-09-18T15:02:22+00:00","twitter_card":"summary_large_image","twitter_misc":{"Est. tempo de leitura":"1 minuto"},"schema":{"@context":"https:\/\/schema.org","@graph":[{"@type":"WebPage","@id":"https:\/\/sitescrux.com.br\/gruposerpa\/contato\/","url":"https:\/\/sitescrux.com.br\/gruposerpa\/contato\/","name":"Fale com o Grupo Serpa - Contato - Grupo Serpa","isPartOf":{"@id":"https:\/\/sitescrux.com.br\/gruposerpa\/#website"},"datePublished":"2024-02-28T09:35:52+00:00","dateModified":"2024-09-18T15:02:22+00:00","inLanguage":"pt-BR","potentialAction":[{"@type":"ReadAction","target":["https:\/\/sitescrux.com.br\/gruposerpa\/contato\/"]}]},{"@type":"WebSite","@id":"https:\/\/sitescrux.com.br\/gruposerpa\/#website","url":"https:\/\/sitescrux.com.br\/gruposerpa\/","name":"Grupo Serpa","description":"Consultoria Estrat\u00e9gica &amp; Log\u00edstica Integrada","publisher":{"@id":"https:\/\/sitescrux.com.br\/gruposerpa\/#organization"},"potentialAction":[{"@type":"SearchAction","target":{"@type":"EntryPoint","urlTemplate":"https:\/\/sitescrux.com.br\/gruposerpa\/?s={search_term_string}"},"query-input":{"@type":"PropertyValueSpecification","valueRequired":true,"valueName":"search_term_string"}}],"inLanguage":"pt-BR"},{"@type":"Organization","@id":"https:\/\/sitescrux.com.br\/gruposerpa\/#organization","name":"Grupo Serpa","url":"https:\/\/sitescrux.com.br\/gruposerpa\/","logo":{"@type":"ImageObject","inLanguage":"pt-BR","@id":"https:\/\/sitescrux.com.br\/gruposerpa\/#\/schema\/logo\/image\/","url":"https:\/\/sitescrux.com.br\/gruposerpa\/wp-content\/uploads\/2024\/06\/logo-grupo-serpa-png.png","contentUrl":"https:\/\/sitescrux.com.br\/gruposerpa\/wp-content\/uploads\/2024\/06\/logo-grupo-serpa-png.png","width":443,"height":203,"caption":"Grupo Serpa"},"image":{"@id":"https:\/\/sitescrux.com.br\/gruposerpa\/#\/schema\/logo\/image\/"},"sameAs":["https:\/\/www.facebook.com\/serpagroup"]}]}},"_links":{"self":[{"href":"https:\/\/sitescrux.com.br\/gruposerpa\/wp-json\/wp\/v2\/pages\/32"}],"collection":[{"href":"https:\/\/sitescrux.com.br\/gruposerpa\/wp-json\/wp\/v2\/pages"}],"about":[{"href":"https:\/\/sitescrux.com.br\/gruposerpa\/wp-json\/wp\/v2\/types\/page"}],"author":[{"embeddable":true,"href":"https:\/\/sitescrux.com.br\/gruposerpa\/wp-json\/wp\/v2\/users\/2"}],"replies":[{"embeddable":true,"href":"https:\/\/sitescrux.com.br\/gruposerpa\/wp-json\/wp\/v2\/comments?post=32"}],"version-history":[{"count":0,"href":"https:\/\/sitescrux.com.br\/gruposerpa\/wp-json\/wp\/v2\/pages\/32\/revisions"}],"wp:attachment":[{"href":"https:\/\/sitescrux.com.br\/gruposerpa\/wp-json\/wp\/v2\/media?parent=32"}],"curies":[{"name":"wp","href":"https:\/\/api.w.org\/{rel}","templated":true}]}}